{"id":713,"date":"2026-03-09T09:54:50","date_gmt":"2026-03-09T12:54:50","guid":{"rendered":"https:\/\/ecoama.eco\/?page_id=713"},"modified":"2026-03-09T20:30:20","modified_gmt":"2026-03-09T23:30:20","slug":"lista-de-interesse-trilhas-botanicas","status":"publish","type":"page","link":"https:\/\/ecoama.eco\/?page_id=713","title":{"rendered":"Lista de Interesse &#8211; Trilhas Bot\u00e2nicas"},"content":{"rendered":"\t\t<div data-elementor-type=\"wp-page\" data-elementor-id=\"713\" class=\"elementor elementor-713\" data-elementor-post-type=\"page\">\n\t\t\t\t<div class=\"elementor-element elementor-element-78aece5 e-flex e-con-boxed e-con e-parent\" data-id=\"78aece5\" data-element_type=\"container\" data-e-type=\"container\">\n\t\t\t\t\t<div class=\"e-con-inner\">\n\t\t\t\t<div class=\"elementor-element elementor-element-f01857b elementor-widget elementor-widget-heading\" data-id=\"f01857b\" data-element_type=\"widget\" data-e-type=\"widget\" data-widget_type=\"heading.default\">\n\t\t\t\t\t<h2 class=\"elementor-heading-title elementor-size-default\">Centro de Estudos Bot\u00e2nicos da Ecoama<\/h2>\t\t\t\t<\/div>\n\t\t\t\t<div class=\"elementor-element elementor-element-6c1b4e7 elementor-widget elementor-widget-heading\" data-id=\"6c1b4e7\" data-element_type=\"widget\" data-e-type=\"widget\" data-widget_type=\"heading.default\">\n\t\t\t\t\t<h4 class=\"elementor-heading-title elementor-size-default\">Estamos preparando os programas de forma\u00e7\u00e3o em plantas medicinais. Deixe seu contato para ser avisada quando as trilhas forem abertas.<\/h4>\t\t\t\t<\/div>\n\t\t\t\t\t<\/div>\n\t\t\t\t<\/div>\n\t\t<div class=\"elementor-element elementor-element-7b1d464 e-flex e-con-boxed e-con e-parent\" data-id=\"7b1d464\" data-element_type=\"container\" data-e-type=\"container\">\n\t\t\t\t\t<div class=\"e-con-inner\">\n\t\t\t\t<div class=\"elementor-element elementor-element-c374fef elementor-widget elementor-widget-heading\" data-id=\"c374fef\" data-element_type=\"widget\" data-e-type=\"widget\" data-widget_type=\"heading.default\">\n\t\t\t\t\t<h3 class=\"elementor-heading-title elementor-size-default\">Qual trilha voc\u00ea tem mais interesse em estudar?<\/h3>\t\t\t\t<\/div>\n\t\t\t\t<div class=\"elementor-element elementor-element-24d3e80 elementor-widget elementor-widget-text-editor\" data-id=\"24d3e80\" data-element_type=\"widget\" data-e-type=\"widget\" data-widget_type=\"text-editor.default\">\n\t\t\t\t\t\t\t\t\t<h5>Essa informa\u00e7\u00e3o nos ajuda a priorizar os cursos do Centro de Estudos Bot\u00e2nicos.<\/h5>\t\t\t\t\t\t\t\t<\/div>\n\t\t\t\t\t<\/div>\n\t\t\t\t<\/div>\n\t\t<div class=\"elementor-element elementor-element-6441da1 e-flex e-con-boxed e-con e-parent\" data-id=\"6441da1\" data-element_type=\"container\" data-e-type=\"container\">\n\t\t\t\t\t<div class=\"e-con-inner\">\n\t\t\t\t<div class=\"elementor-element elementor-element-f9eb10e elementor-button-align-stretch elementor-widget elementor-widget-form\" data-id=\"f9eb10e\" data-element_type=\"widget\" data-e-type=\"widget\" data-settings=\"{&quot;step_next_label&quot;:&quot;Next&quot;,&quot;step_previous_label&quot;:&quot;Previous&quot;,&quot;button_width&quot;:&quot;100&quot;,&quot;step_type&quot;:&quot;number_text&quot;,&quot;step_icon_shape&quot;:&quot;circle&quot;}\" data-widget_type=\"form.default\">\n\t\t\t\t\t\t\t<form class=\"elementor-form\" method=\"post\" name=\"New Form\" aria-label=\"New Form\">\r\n\t\t\t<input type=\"hidden\" name=\"post_id\" value=\"713\"\/>\r\n\t\t\t<input type=\"hidden\" name=\"form_id\" value=\"f9eb10e\"\/>\r\n\t\t\t<input type=\"hidden\" name=\"referer_title\" value=\"Lista de Interesse - Trilhas Bot\u00e2nicas - Ecoama Cosmetica Natural\" \/>\r\n\r\n\t\t\t\t\t\t\t<input type=\"hidden\" name=\"queried_id\" value=\"713\"\/>\r\n\t\t\t\r\n\t\t\t<div class=\"elementor-form-fields-wrapper elementor-labels-above\">\r\n\t\t\t\t\t\t\t\t<div class=\"elementor-field-type-text elementor-field-group elementor-column elementor-field-group-name elementor-col-100\">\r\n\t\t\t\t\t\t\t\t\t\t\t\t<label for=\"form-field-name\" class=\"elementor-field-label\">\r\n\t\t\t\t\t\t\t\tNome\t\t\t\t\t\t\t<\/label>\r\n\t\t\t\t\t\t\t\t\t\t\t\t\t\t<input size=\"1\" type=\"text\" name=\"form_fields[name]\" id=\"form-field-name\" class=\"elementor-field elementor-size-sm  elementor-field-textual\">\r\n\t\t\t\t\t\t\t\t\t\t\t<\/div>\r\n\t\t\t\t\t\t\t\t<div class=\"elementor-field-type-email elementor-field-group elementor-column elementor-field-group-email elementor-col-100 elementor-field-required\">\r\n\t\t\t\t\t\t\t\t\t\t\t\t<label for=\"form-field-email\" class=\"elementor-field-label\">\r\n\t\t\t\t\t\t\t\tEmail\t\t\t\t\t\t\t<\/label>\r\n\t\t\t\t\t\t\t\t\t\t\t\t\t\t<input size=\"1\" type=\"email\" name=\"form_fields[email]\" id=\"form-field-email\" class=\"elementor-field elementor-size-sm  elementor-field-textual\" required=\"required\">\r\n\t\t\t\t\t\t\t\t\t\t\t<\/div>\r\n\t\t\t\t\t\t\t\t<div class=\"elementor-field-type-radio elementor-field-group elementor-column elementor-field-group-field_f448003 elementor-col-100 elementor-field-required\">\r\n\t\t\t\t\t\t\t\t\t\t\t\t<label for=\"form-field-field_f448003\" class=\"elementor-field-label\">\r\n\t\t\t\t\t\t\t\tQual trilha voc\u00ea tem mais interesse?\t\t\t\t\t\t\t<\/label>\r\n\t\t\t\t\t\t<div class=\"elementor-field-subgroup  \"><span class=\"elementor-field-option\"><input type=\"radio\" value=\"Observa\u00e7\u00e3o das Plantas\" id=\"form-field-field_f448003-0\" name=\"form_fields[field_f448003]\" required=\"required\"> <label for=\"form-field-field_f448003-0\">Observa\u00e7\u00e3o das Plantas<\/label><\/span><span class=\"elementor-field-option\"><input type=\"radio\" value=\"Qu\u00edmica das Plantas\" id=\"form-field-field_f448003-1\" name=\"form_fields[field_f448003]\" required=\"required\"> <label for=\"form-field-field_f448003-1\">Qu\u00edmica das Plantas<\/label><\/span><span class=\"elementor-field-option\"><input type=\"radio\" value=\"Arte das Plantas \" id=\"form-field-field_f448003-2\" name=\"form_fields[field_f448003]\" required=\"required\"> <label for=\"form-field-field_f448003-2\">Arte das Plantas <\/label><\/span><span class=\"elementor-field-option\"><input type=\"radio\" value=\"Cosmologia Bot\u00e2nica\" id=\"form-field-field_f448003-3\" name=\"form_fields[field_f448003]\" required=\"required\"> <label for=\"form-field-field_f448003-3\">Cosmologia Bot\u00e2nica<\/label><\/span><span class=\"elementor-field-option\"><input type=\"radio\" value=\"Ainda n\u00e3o sei \/ Quero conhecer todas\" id=\"form-field-field_f448003-4\" name=\"form_fields[field_f448003]\" required=\"required\"> <label for=\"form-field-field_f448003-4\">Ainda n\u00e3o sei \/ Quero conhecer todas<\/label><\/span><\/div>\t\t\t\t<\/div>\r\n\t\t\t\t\t\t\t\t<div class=\"elementor-field-group elementor-column elementor-field-type-submit elementor-col-100 e-form__buttons\">\r\n\t\t\t\t\t<button class=\"elementor-button elementor-size-sm\" type=\"submit\">\r\n\t\t\t\t\t\t<span class=\"elementor-button-content-wrapper\">\r\n\t\t\t\t\t\t\t\t\t\t\t\t\t\t\t\t\t\t\t\t\t\t<span class=\"elementor-button-text\">Quero ser avisada<\/span>\r\n\t\t\t\t\t\t\t\t\t\t\t\t\t<\/span>\r\n\t\t\t\t\t<\/button>\r\n\t\t\t\t<\/div>\r\n\t\t\t<\/div>\r\n\t\t<\/form>\r\n\t\t\t\t\t\t<\/div>\n\t\t\t\t\t<\/div>\n\t\t\t\t<\/div>\n\t\t<div class=\"elementor-element elementor-element-18c1337 e-flex e-con-boxed e-con e-parent\" data-id=\"18c1337\" data-element_type=\"container\" data-e-type=\"container\">\n\t\t\t\t\t<div class=\"e-con-inner\">\n\t\t\t\t<div class=\"elementor-element elementor-element-0494820 elementor-widget elementor-widget-heading\" data-id=\"0494820\" data-element_type=\"widget\" data-e-type=\"widget\" data-widget_type=\"heading.default\">\n\t\t\t\t\t<h3 class=\"elementor-heading-title elementor-size-default\">O Centro de Estudos Bot\u00e2nicos da Ecoama nasce do encontro entre ci\u00eancia, tradi\u00e7\u00e3o e observa\u00e7\u00e3o das plantas medicinais.<\/h3>\t\t\t\t<\/div>\n\t\t\t\t\t<\/div>\n\t\t\t\t<\/div>\n\t\t\t\t<\/div>\n\t\t","protected":false},"excerpt":{"rendered":"<p>Centro de Estudos Bot\u00e2nicos da Ecoama Estamos preparando os programas de forma\u00e7\u00e3o em plantas medicinais. Deixe seu contato para ser avisada quando as trilhas forem abertas. Qual trilha voc\u00ea tem mais interesse em estudar? Essa informa\u00e7\u00e3o nos ajuda a priorizar os cursos do Centro de Estudos Bot\u00e2nicos. O Centro de Estudos Bot\u00e2nicos da Ecoama nasce [&hellip;]<\/p>\n","protected":false},"author":1,"featured_media":0,"parent":0,"menu_order":0,"comment_status":"closed","ping_status":"closed","template":"","meta":{"footnotes":""},"class_list":["post-713","page","type-page","status-publish","hentry"],"_links":{"self":[{"href":"https:\/\/ecoama.eco\/index.php?rest_route=\/wp\/v2\/pages\/713","targetHints":{"allow":["GET"]}}],"collection":[{"href":"https:\/\/ecoama.eco\/index.php?rest_route=\/wp\/v2\/pages"}],"about":[{"href":"https:\/\/ecoama.eco\/index.php?rest_route=\/wp\/v2\/types\/page"}],"author":[{"embeddable":true,"href":"https:\/\/ecoama.eco\/index.php?rest_route=\/wp\/v2\/users\/1"}],"replies":[{"embeddable":true,"href":"https:\/\/ecoama.eco\/index.php?rest_route=%2Fwp%2Fv2%2Fcomments&post=713"}],"version-history":[{"count":22,"href":"https:\/\/ecoama.eco\/index.php?rest_route=\/wp\/v2\/pages\/713\/revisions"}],"predecessor-version":[{"id":859,"href":"https:\/\/ecoama.eco\/index.php?rest_route=\/wp\/v2\/pages\/713\/revisions\/859"}],"wp:attachment":[{"href":"https:\/\/ecoama.eco\/index.php?rest_route=%2Fwp%2Fv2%2Fmedia&parent=713"}],"curies":[{"name":"wp","href":"https:\/\/api.w.org\/{rel}","templated":true}]}}