{"id":397,"date":"2026-02-24T17:02:08","date_gmt":"2026-02-24T20:02:08","guid":{"rendered":"https:\/\/ecoama.eco\/?post_type=product&#038;p=397"},"modified":"2026-03-27T16:52:07","modified_gmt":"2026-03-27T19:52:07","slug":"base-corretiva-bege-claro","status":"publish","type":"product","link":"https:\/\/ecoama.eco\/?product=base-corretiva-bege-claro","title":{"rendered":"Base Mineral &#8211; BEGE CLARO"},"content":{"rendered":"<p data-start=\"117\" data-end=\"473\">A <strong data-start=\"119\" data-end=\"185\">Base Mineral \u2013 Bege Claro | Linha N\u00e9ctar Brasileiro Amaz\u00f4nia<\/strong> une tratamento, uniformiza\u00e7\u00e3o e prote\u00e7\u00e3o em uma f\u00f3rmula rica em bioativos amaz\u00f4nicos como tucum\u00e3, copa\u00edba, bacuri, cupua\u00e7u, ucu\u00faba e murumuru. Al\u00e9m de nutrir e proteger a pele, oferece prote\u00e7\u00e3o solar mineral e cobertura m\u00e9dia, ajudando a uniformizar o tom com aspecto natural e saud\u00e1vel.<\/p>\n<p data-start=\"475\" data-end=\"731\">Com toque seco e acabamento matte, controla o brilho excessivo sem comprometer o conforto. Resistente \u00e0 \u00e1gua e ao suor, \u00e9 ideal para o dia a dia e para climas quentes e \u00famidos, mantendo a pele protegida, equilibrada e com apar\u00eancia uniforme por mais tempo.<\/p>\n<p data-start=\"733\" data-end=\"931\"><strong data-start=\"733\" data-end=\"759\">Benef\u00edcios principais:<\/strong><br data-start=\"759\" data-end=\"762\" \/>\u2022 Prote\u00e7\u00e3o solar mineral<br data-start=\"786\" data-end=\"789\" \/>\u2022 Cobertura m\u00e9dia e uniforme<br data-start=\"817\" data-end=\"820\" \/>\u2022 Toque seco confort\u00e1vel<br data-start=\"844\" data-end=\"847\" \/>\u2022 Acabamento matte natural<br data-start=\"873\" data-end=\"876\" \/>\u2022 Resistente \u00e0 \u00e1gua e suor<br data-start=\"902\" data-end=\"905\" \/>\u2022 Nutre e protege a pele<\/p>\n<p data-start=\"733\" data-end=\"931\"><strong data-start=\"1563\" data-end=\"1584\">Composi\u00e7\u00e3o (DCB):<\/strong><br data-start=\"1584\" data-end=\"1587\" \/>\u00d3xido de zinco, di\u00f3xido de tit\u00e2nio, \u00f3leo de r\u00edcino, cera de candelila, \u00f3leo de tucum\u00e3, carbonato de c\u00e1lcio, lanolina vegetal, \u00f3leo-resina de copa\u00edba, \u00e1lcool cet\u00edlico, \u00e1lcool cetoestear\u00edlico, mica ouro, manteiga de bacuri, manteiga de cupua\u00e7u, coco-caprylate caprate, manteiga de karit\u00e9, manteiga de ucu\u00faba, argila branca, \u00f3xido de ferro amarelo, s\u00edlica, cera de carna\u00faba, manteiga de murumuru, \u00f3leo-resina de alecrim, \u00f3xido de ferro vermelho, \u00f3xido de ferro preto.<\/p>\n<p data-start=\"933\" data-end=\"1045\"><strong data-start=\"933\" data-end=\"947\">Modo de uso:<\/strong><br data-start=\"947\" data-end=\"950\" \/>Aplique na pele limpa e seca, espalhando de maneira uniforme. Utilize aplicadores sustent\u00e1veis.<\/p>\n","protected":false},"excerpt":{"rendered":"<p>Base corretiva bege claro com bioativos amaz\u00f4nicos e prote\u00e7\u00e3o solar mineral. Oferece cobertura m\u00e9dia, toque seco, acabamento matte e resist\u00eancia \u00e0 \u00e1gua e ao suor.<\/p>\n","protected":false},"featured_media":470,"comment_status":"open","ping_status":"closed","template":"","meta":[],"product_brand":[],"product_cat":[65,53,45,78,42,37,36,26,52],"product_tag":[101,106,102,104,105,120,103,115,110],"class_list":{"0":"post-397","1":"product","2":"type-product","3":"status-publish","4":"has-post-thumbnail","6":"product_cat-amazonia","7":"product_cat-cor-e-realce-natural","8":"product_cat-cosmeticos","9":"product_cat-maquiagem","10":"product_cat-nectar-brasileiro","11":"product_cat-pele","12":"product_cat-por-tipo-de-produto","13":"product_cat-sem-categoria","14":"product_cat-uniformizacao-e-luminosidade","15":"product_tag-bioativos-da-amazonia","16":"product_tag-efeito-matte","17":"product_tag-ingredientes-brasileiros","18":"product_tag-manteigas-vegetais","19":"product_tag-mineral-natural","20":"product_tag-natural","21":"product_tag-oleos-vegetais","22":"product_tag-realce-da-pele","23":"product_tag-textura-leve","25":"first","26":"instock","27":"sale","28":"shipping-taxable","29":"purchasable","30":"product-type-simple"},"_links":{"self":[{"href":"https:\/\/ecoama.eco\/index.php?rest_route=\/wp\/v2\/product\/397","targetHints":{"allow":["GET"]}}],"collection":[{"href":"https:\/\/ecoama.eco\/index.php?rest_route=\/wp\/v2\/product"}],"about":[{"href":"https:\/\/ecoama.eco\/index.php?rest_route=\/wp\/v2\/types\/product"}],"replies":[{"embeddable":true,"href":"https:\/\/ecoama.eco\/index.php?rest_route=%2Fwp%2Fv2%2Fcomments&post=397"}],"wp:featuredmedia":[{"embeddable":true,"href":"https:\/\/ecoama.eco\/index.php?rest_route=\/wp\/v2\/media\/470"}],"wp:attachment":[{"href":"https:\/\/ecoama.eco\/index.php?rest_route=%2Fwp%2Fv2%2Fmedia&parent=397"}],"wp:term":[{"taxonomy":"product_brand","embeddable":true,"href":"https:\/\/ecoama.eco\/index.php?rest_route=%2Fwp%2Fv2%2Fproduct_brand&post=397"},{"taxonomy":"product_cat","embeddable":true,"href":"https:\/\/ecoama.eco\/index.php?rest_route=%2Fwp%2Fv2%2Fproduct_cat&post=397"},{"taxonomy":"product_tag","embeddable":true,"href":"https:\/\/ecoama.eco\/index.php?rest_route=%2Fwp%2Fv2%2Fproduct_tag&post=397"}],"curies":[{"name":"wp","href":"https:\/\/api.w.org\/{rel}","templated":true}]}}