{"id":398,"date":"2026-02-24T17:09:05","date_gmt":"2026-02-24T20:09:05","guid":{"rendered":"https:\/\/ecoama.eco\/?post_type=product&#038;p=398"},"modified":"2026-03-27T16:52:57","modified_gmt":"2026-03-27T19:52:57","slug":"blush-3-em-1-urucum-2","status":"publish","type":"product","link":"https:\/\/ecoama.eco\/?product=blush-3-em-1-urucum-2","title":{"rendered":"Blush 3 em 1 &#8211; URUCUM"},"content":{"rendered":"<p data-start=\"111\" data-end=\"498\">O <strong data-start=\"113\" data-end=\"173\">Blush 3 em 1 \u2013 Urucum | Linha N\u00e9ctar Brasileiro Amaz\u00f4nia<\/strong> \u00e9 um cosm\u00e9tico org\u00e2nico multifuncional que une maquiagem e tratamento em uma f\u00f3rmula rica em bioativos amaz\u00f4nicos. Com tucum\u00e3, copa\u00edba, bacuri, cupua\u00e7u, ucu\u00faba e murumuru, nutre, protege e auxilia na manuten\u00e7\u00e3o da barreira cut\u00e2nea enquanto entrega a tonalidade quente e luminosa do urucum para l\u00e1bios, bochechas e p\u00e1lpebras.<\/p>\n<p data-start=\"500\" data-end=\"698\">Possui toque seco e natural, acabamento confort\u00e1vel e longa dura\u00e7\u00e3o, al\u00e9m de prote\u00e7\u00e3o solar f\u00edsica. Real\u00e7a a beleza com cor vibrante e uniforme, mantendo a pele protegida e saud\u00e1vel ao longo do dia.<\/p>\n<p data-start=\"700\" data-end=\"890\"><strong data-start=\"700\" data-end=\"726\">Benef\u00edcios principais:<\/strong><br data-start=\"726\" data-end=\"729\" \/>\u2022 Blush, sombra e batom em um s\u00f3 produto<br data-start=\"769\" data-end=\"772\" \/>\u2022 Toque seco e natural<br data-start=\"794\" data-end=\"797\" \/>\u2022 Longa dura\u00e7\u00e3o<br data-start=\"812\" data-end=\"815\" \/>\u2022 Prote\u00e7\u00e3o solar f\u00edsica<br data-start=\"838\" data-end=\"841\" \/>\u2022 Nutre e protege a pele<br data-start=\"865\" data-end=\"868\" \/>\u2022 Cosm\u00e9tico org\u00e2nico<\/p>\n<p data-start=\"700\" data-end=\"890\"><strong data-start=\"2164\" data-end=\"2185\">Composi\u00e7\u00e3o (DCB):<\/strong><br data-start=\"2185\" data-end=\"2188\" \/>\u00d3xido de zinco, \u00f3xido de ferro vermelho, \u00f3leo de r\u00edcino, cera de candelila, \u00f3leo de tucum\u00e3, di\u00f3xido de tit\u00e2nio, lanolina vegetal, \u00f3leo-resina de copa\u00edba, \u00e1lcool cet\u00edlico, \u00e1lcool cetoestear\u00edlico, carbonato de c\u00e1lcio, manteiga de bacuri, manteiga de cupua\u00e7u, \u00f3xido de ferro amarelo, manteiga de karit\u00e9, manteiga de ucu\u00faba, s\u00edlica, mica ouro, cera de carna\u00faba, manteiga de murumuru, argila branca, \u00f3leo-resina de alecrim, \u00f3xido de ferro preto.<\/p>\n<p data-start=\"892\" data-end=\"1031\"><strong data-start=\"892\" data-end=\"906\">Como usar:<\/strong><br data-start=\"906\" data-end=\"909\" \/>Aplique na pele limpa e seca, espalhando suavemente at\u00e9 atingir a intensidade desejada. Prefira aplicadores reutiliz\u00e1veis.<\/p>\n","protected":false},"excerpt":{"rendered":"<p>Blush 3 em 1 com urucum e bioativos amaz\u00f4nicos que nutrem e protegem enquanto entregam cor vibrante e natural. Possui toque seco, longa dura\u00e7\u00e3o e prote\u00e7\u00e3o solar f\u00edsica para l\u00e1bios, bochechas e p\u00e1lpebras.<\/p>\n","protected":false},"featured_media":468,"comment_status":"open","ping_status":"closed","template":"","meta":[],"product_brand":[],"product_cat":[65,53,45,78,42,37,36,26],"product_tag":[101,116,111,102,104,105,103,100],"class_list":{"0":"post-398","1":"product","2":"type-product","3":"status-publish","4":"has-post-thumbnail","6":"product_cat-amazonia","7":"product_cat-cor-e-realce-natural","8":"product_cat-cosmeticos","9":"product_cat-maquiagem","10":"product_cat-nectar-brasileiro","11":"product_cat-pele","12":"product_cat-por-tipo-de-produto","13":"product_cat-sem-categoria","14":"product_tag-bioativos-da-amazonia","15":"product_tag-cuidado-labial","16":"product_tag-hidratacao","17":"product_tag-ingredientes-brasileiros","18":"product_tag-manteigas-vegetais","19":"product_tag-mineral-natural","20":"product_tag-oleos-vegetais","21":"product_tag-urucum","23":"first","24":"instock","25":"sale","26":"shipping-taxable","27":"purchasable","28":"product-type-simple"},"_links":{"self":[{"href":"https:\/\/ecoama.eco\/index.php?rest_route=\/wp\/v2\/product\/398","targetHints":{"allow":["GET"]}}],"collection":[{"href":"https:\/\/ecoama.eco\/index.php?rest_route=\/wp\/v2\/product"}],"about":[{"href":"https:\/\/ecoama.eco\/index.php?rest_route=\/wp\/v2\/types\/product"}],"replies":[{"embeddable":true,"href":"https:\/\/ecoama.eco\/index.php?rest_route=%2Fwp%2Fv2%2Fcomments&post=398"}],"wp:featuredmedia":[{"embeddable":true,"href":"https:\/\/ecoama.eco\/index.php?rest_route=\/wp\/v2\/media\/468"}],"wp:attachment":[{"href":"https:\/\/ecoama.eco\/index.php?rest_route=%2Fwp%2Fv2%2Fmedia&parent=398"}],"wp:term":[{"taxonomy":"product_brand","embeddable":true,"href":"https:\/\/ecoama.eco\/index.php?rest_route=%2Fwp%2Fv2%2Fproduct_brand&post=398"},{"taxonomy":"product_cat","embeddable":true,"href":"https:\/\/ecoama.eco\/index.php?rest_route=%2Fwp%2Fv2%2Fproduct_cat&post=398"},{"taxonomy":"product_tag","embeddable":true,"href":"https:\/\/ecoama.eco\/index.php?rest_route=%2Fwp%2Fv2%2Fproduct_tag&post=398"}],"curies":[{"name":"wp","href":"https:\/\/api.w.org\/{rel}","templated":true}]}}