{"id":402,"date":"2026-02-27T13:41:36","date_gmt":"2026-02-27T16:41:36","guid":{"rendered":"https:\/\/ecoama.eco\/?post_type=product&#038;p=402"},"modified":"2026-03-27T16:54:51","modified_gmt":"2026-03-27T19:54:51","slug":"pomada-modeladora-matte","status":"publish","type":"product","link":"https:\/\/ecoama.eco\/?product=pomada-modeladora-matte","title":{"rendered":"Pomada Modeladora &#8211; MATTE"},"content":{"rendered":"<p data-start=\"1286\" data-end=\"1597\">A <strong data-start=\"1288\" data-end=\"1352\">Pomada Modeladora \u2013 Matte | Linha N\u00e9ctar Brasileiro Amaz\u00f4nia<\/strong> combina as potentes manteigas amaz\u00f4nicas da linha \u2014 tucum\u00e3, copa\u00edba, bacuri, cupua\u00e7u, ucu\u00faba e murumuru \u2014 em uma f\u00f3rmula nutritiva de m\u00e9dia fixa\u00e7\u00e3o e acabamento matte. Define cachos e modela a barba com controle, estrutura e toque seco natural.<\/p>\n<p data-start=\"1599\" data-end=\"1884\">Auxilia no combate ao frizz, protege os fios contra sal e cloro e contribui para manter a hidrata\u00e7\u00e3o mesmo em contato com mar e piscina. Assim como a vers\u00e3o Natural, tamb\u00e9m pode ser aplicada nos l\u00e1bios, cut\u00edculas, pele ressecada e tatuagens recentes, promovendo nutri\u00e7\u00e3o e regenera\u00e7\u00e3o.<\/p>\n<p data-start=\"1886\" data-end=\"2076\"><strong data-start=\"1886\" data-end=\"1912\">Benef\u00edcios principais:<\/strong><br data-start=\"1912\" data-end=\"1915\" \/>\u2022 M\u00e9dia fixa\u00e7\u00e3o<br data-start=\"1930\" data-end=\"1933\" \/>\u2022 Acabamento matte<br data-start=\"1951\" data-end=\"1954\" \/>\u2022 Define barba e cachos<br data-start=\"1977\" data-end=\"1980\" \/>\u2022 Controle do frizz<br data-start=\"1999\" data-end=\"2002\" \/>\u2022 Prote\u00e7\u00e3o contra mar e piscina<br data-start=\"2033\" data-end=\"2036\" \/>\u2022 Multifuncional: cabelo, barba e pele<\/p>\n<p data-start=\"3201\" data-end=\"3562\"><strong data-start=\"3201\" data-end=\"3222\">Composi\u00e7\u00e3o (DCB):<\/strong><br data-start=\"3222\" data-end=\"3225\" \/>\u00d3leo de r\u00edcino, cera de candelila, manteiga de tucum\u00e3, lanolina vegetal, \u00f3leo-resina de copa\u00edba, \u00e1lcool cet\u00edlico, \u00e1lcool cetoestear\u00edlico, manteiga de bacuri, manteiga de cupua\u00e7u, bentonita, s\u00edlica, manteiga de karit\u00e9, manteiga de ucu\u00faba, carbonato de c\u00e1lcio, cera de carna\u00faba, manteiga de murumuru, argila branca, \u00f3leo-resina de alecrim.<\/p>\n<p data-start=\"3564\" data-end=\"3655\"><strong data-start=\"3564\" data-end=\"3580\">Modo de uso:<\/strong><br data-start=\"3580\" data-end=\"3583\" \/>Aplique pequena quantidade nos fios ou barba e modele conforme desejado.<\/p>\n","protected":false},"excerpt":{"rendered":"<div class=\"text-base my-auto mx-auto [--thread-content-margin:--spacing(4)] @w-sm\/main:[--thread-content-margin:--spacing(6)] @w-lg\/main:[--thread-content-margin:--spacing(16)] px-(--thread-content-margin)\">\n<div class=\"[--thread-content-max-width:40rem] @w-lg\/main:[--thread-content-max-width:48rem] mx-auto max-w-(--thread-content-max-width) flex-1 group\/turn-messages focus-visible:outline-hidden relative flex w-full min-w-0 flex-col agent-turn\" tabindex=\"-1\">\n<div class=\"flex max-w-full flex-col grow\">\n<div class=\"min-h-8 text-message relative flex w-full flex-col items-end gap-2 text-start break-words whitespace-normal [.text-message+&amp;]:mt-1\" dir=\"auto\" data-message-author-role=\"assistant\" data-message-id=\"51103141-a4f1-4241-862a-c14cfe6e7540\" data-message-model-slug=\"gpt-5-2\">\n<div class=\"flex w-full flex-col gap-1 empty:hidden first:pt-[1px]\">\n<div class=\"markdown prose dark:prose-invert w-full wrap-break-word light markdown-new-styling\">\n<p data-start=\"2100\" data-end=\"2281\" data-is-last-node=\"\" data-is-only-node=\"\">Pomada modeladora de m\u00e9dia fixa\u00e7\u00e3o com acabamento matte e bioativos amaz\u00f4nicos nutritivos. Define barba e cachos, controla o frizz e tamb\u00e9m pode ser usada para nutrir l\u00e1bios e pele.<\/p>\n<\/div>\n<\/div>\n<\/div>\n<\/div>\n<div class=\"z-0 flex min-h-[46px] justify-start\"><\/div>\n<\/div>\n<\/div>\n","protected":false},"featured_media":480,"comment_status":"open","ping_status":"closed","template":"","meta":[],"product_brand":[],"product_cat":[65,57,56,42,77,26],"product_tag":[101,109,106,114,102,113,122,112,121],"class_list":{"0":"post-402","1":"product","2":"type-product","3":"status-publish","4":"has-post-thumbnail","6":"product_cat-amazonia","7":"product_cat-fixacao-e-textura","8":"product_cat-modelagem-natural","9":"product_cat-nectar-brasileiro","10":"product_cat-pomadas-e-balsamos","11":"product_cat-sem-categoria","12":"product_tag-bioativos-da-amazonia","13":"product_tag-cor-natural","14":"product_tag-efeito-matte","15":"product_tag-fixacao","16":"product_tag-ingredientes-brasileiros","17":"product_tag-modelagem-capilar","18":"product_tag-nectar-brasileiro","19":"product_tag-nutricao","20":"product_tag-producao-artesanal","22":"first","23":"instock","24":"sale","25":"shipping-taxable","26":"purchasable","27":"product-type-simple"},"_links":{"self":[{"href":"https:\/\/ecoama.eco\/index.php?rest_route=\/wp\/v2\/product\/402","targetHints":{"allow":["GET"]}}],"collection":[{"href":"https:\/\/ecoama.eco\/index.php?rest_route=\/wp\/v2\/product"}],"about":[{"href":"https:\/\/ecoama.eco\/index.php?rest_route=\/wp\/v2\/types\/product"}],"replies":[{"embeddable":true,"href":"https:\/\/ecoama.eco\/index.php?rest_route=%2Fwp%2Fv2%2Fcomments&post=402"}],"wp:featuredmedia":[{"embeddable":true,"href":"https:\/\/ecoama.eco\/index.php?rest_route=\/wp\/v2\/media\/480"}],"wp:attachment":[{"href":"https:\/\/ecoama.eco\/index.php?rest_route=%2Fwp%2Fv2%2Fmedia&parent=402"}],"wp:term":[{"taxonomy":"product_brand","embeddable":true,"href":"https:\/\/ecoama.eco\/index.php?rest_route=%2Fwp%2Fv2%2Fproduct_brand&post=402"},{"taxonomy":"product_cat","embeddable":true,"href":"https:\/\/ecoama.eco\/index.php?rest_route=%2Fwp%2Fv2%2Fproduct_cat&post=402"},{"taxonomy":"product_tag","embeddable":true,"href":"https:\/\/ecoama.eco\/index.php?rest_route=%2Fwp%2Fv2%2Fproduct_tag&post=402"}],"curies":[{"name":"wp","href":"https:\/\/api.w.org\/{rel}","templated":true}]}}