{"id":405,"date":"2026-02-24T18:31:20","date_gmt":"2026-02-24T21:31:20","guid":{"rendered":"https:\/\/ecoama.eco\/?post_type=product&#038;p=405"},"modified":"2026-03-02T14:55:05","modified_gmt":"2026-03-02T17:55:05","slug":"bolsa-sustentavel-de-rede-de-pesca","status":"publish","type":"product","link":"https:\/\/ecoama.eco\/?product=bolsa-sustentavel-de-rede-de-pesca","title":{"rendered":"Bolsa Sustent\u00e1vel de Rede de Pesca"},"content":{"rendered":"<p data-start=\"107\" data-end=\"453\">O <strong data-start=\"109\" data-end=\"130\">Redeco da Marulho<\/strong> \u00e9 uma bolsa artesanal feita a partir de <strong data-start=\"171\" data-end=\"240\">redes de pesca fantasma recolhidas no entorno de Ilha Grande (RJ)<\/strong> e transformadas em produtos de impacto socioambiental pela <strong data-start=\"300\" data-end=\"311\">Marulho<\/strong>, um neg\u00f3cio engajado na conserva\u00e7\u00e3o marinha e na gera\u00e7\u00e3o de renda junto \u00e0s comunidades cai\u00e7aras locais.<\/p>\n<p data-start=\"455\" data-end=\"755\">Cada Redeco carrega hist\u00f3ria, cultura e prop\u00f3sito: ao escolher essa pe\u00e7a, voc\u00ea apoia diretamente a <strong data-start=\"554\" data-end=\"612\">intercepta\u00e7\u00e3o de redes descartadas que poluem o oceano<\/strong>, a valoriza\u00e7\u00e3o de saberes tradicionais de pescadores e artes\u00e3s e uma economia mais justa e regenerativa.<\/p>\n<p data-start=\"757\" data-end=\"1123\">Leve, flex\u00edvel e expans\u00edvel, a Redeco \u00e9 perfeita para <strong data-start=\"811\" data-end=\"850\">substituir sacos pl\u00e1sticos na feira<\/strong>, transportar legumes e frutas, organizar itens do dia a dia, guardar brinquedos de praia ou acomodar protetor solar e pequenas garrafas. Sua malha aberta mant\u00e9m os produtos <strong data-start=\"1024\" data-end=\"1046\">arejados e frescos<\/strong>, tornando-a \u00fatil em diversas ocasi\u00f5es.<\/p>\n<p data-start=\"1125\" data-end=\"1450\"><strong data-start=\"1125\" data-end=\"1151\">Benef\u00edcios principais:<\/strong><br data-start=\"1151\" data-end=\"1154\" \/>\u2022 Feita de redes de pesca reaproveitadas<br data-start=\"1194\" data-end=\"1197\" \/>\u2022 Confeccionada por comunidades cai\u00e7aras em projeto de impacto socioambiental<br data-start=\"1274\" data-end=\"1277\" \/>\u2022 Vers\u00e1til: ideal para feira, praia, organiza\u00e7\u00e3o e transporte de itens do dia a dia<br data-start=\"1360\" data-end=\"1363\" \/>\u2022 Leve, resistente, expans\u00edvel e dur\u00e1vel<br data-start=\"1403\" data-end=\"1406\" \/>\u2022 Substitui sacolas pl\u00e1sticas descart\u00e1veis<\/p>\n","protected":false},"excerpt":{"rendered":"<p>O Redeco da Marulho \u00e9 uma bolsa artesanal sustent\u00e1vel feita com redes de pesca reaproveitadas, parte de um projeto socioambiental que une conserva\u00e7\u00e3o marinha e gera\u00e7\u00e3o de renda para comunidades cai\u00e7aras da Ilha Grande (RJ). Vers\u00e1til, leve e resistente, \u00e9 ideal para feira, praia ou organiza\u00e7\u00e3o do dia a dia \u2014 substituindo sacos pl\u00e1sticos descart\u00e1veis com estilo e prop\u00f3sito.<\/p>\n","protected":false},"featured_media":475,"comment_status":"open","ping_status":"closed","template":"","meta":[],"product_brand":[],"product_cat":[48,36,26],"product_tag":[119,118,117],"class_list":{"0":"post-405","1":"product","2":"type-product","3":"status-publish","4":"has-post-thumbnail","6":"product_cat-acessorios-sustentaveis","7":"product_cat-por-tipo-de-produto","8":"product_cat-sem-categoria","9":"product_tag-baixo-impacto","10":"product_tag-reutilizavel","11":"product_tag-sustentavel","13":"first","14":"instock","15":"sale","16":"shipping-taxable","17":"purchasable","18":"product-type-simple"},"_links":{"self":[{"href":"https:\/\/ecoama.eco\/index.php?rest_route=\/wp\/v2\/product\/405","targetHints":{"allow":["GET"]}}],"collection":[{"href":"https:\/\/ecoama.eco\/index.php?rest_route=\/wp\/v2\/product"}],"about":[{"href":"https:\/\/ecoama.eco\/index.php?rest_route=\/wp\/v2\/types\/product"}],"replies":[{"embeddable":true,"href":"https:\/\/ecoama.eco\/index.php?rest_route=%2Fwp%2Fv2%2Fcomments&post=405"}],"wp:featuredmedia":[{"embeddable":true,"href":"https:\/\/ecoama.eco\/index.php?rest_route=\/wp\/v2\/media\/475"}],"wp:attachment":[{"href":"https:\/\/ecoama.eco\/index.php?rest_route=%2Fwp%2Fv2%2Fmedia&parent=405"}],"wp:term":[{"taxonomy":"product_brand","embeddable":true,"href":"https:\/\/ecoama.eco\/index.php?rest_route=%2Fwp%2Fv2%2Fproduct_brand&post=405"},{"taxonomy":"product_cat","embeddable":true,"href":"https:\/\/ecoama.eco\/index.php?rest_route=%2Fwp%2Fv2%2Fproduct_cat&post=405"},{"taxonomy":"product_tag","embeddable":true,"href":"https:\/\/ecoama.eco\/index.php?rest_route=%2Fwp%2Fv2%2Fproduct_tag&post=405"}],"curies":[{"name":"wp","href":"https:\/\/api.w.org\/{rel}","templated":true}]}}