{"id":406,"date":"2026-02-24T18:43:30","date_gmt":"2026-02-24T21:43:30","guid":{"rendered":"https:\/\/ecoama.eco\/?post_type=product&#038;p=406"},"modified":"2026-02-24T18:43:30","modified_gmt":"2026-02-24T21:43:30","slug":"kit-nectar-brasileiro-amazonia","status":"publish","type":"product","link":"https:\/\/ecoama.eco\/?product=kit-nectar-brasileiro-amazonia","title":{"rendered":"KIT N\u00e9ctar Brasileiro &#8211; Amaz\u00f4nia"},"content":{"rendered":"<p data-start=\"125\" data-end=\"480\">O <strong data-start=\"127\" data-end=\"163\">Kit N\u00e9ctar Brasileiro \u2013 Amaz\u00f4nia<\/strong> re\u00fane os bioativos mais potentes da floresta em uma sele\u00e7\u00e3o completa de cuidado multifuncional para pele, l\u00e1bios e cabelos. Formulados com manteigas amaz\u00f4nicas como tucum\u00e3, bacuri, murumuru, cupua\u00e7u, ucu\u00faba e copa\u00edba, os produtos unem nutri\u00e7\u00e3o profunda, prote\u00e7\u00e3o e beleza natural em uma rotina vers\u00e1til e consciente.<\/p>\n<p data-start=\"482\" data-end=\"568\">O kit est\u00e1 dispon\u00edvel em <strong data-start=\"507\" data-end=\"523\">duas vers\u00f5es<\/strong>, para diferentes prefer\u00eancias de acabamento:<\/p>\n<p data-start=\"570\" data-end=\"705\"><strong data-start=\"570\" data-end=\"599\">Kit 1 \u2013 Brilho Natural<\/strong><br data-start=\"599\" data-end=\"602\" \/>\u2022 Blush 3 em 1 \u2013 Urucum<br data-start=\"625\" data-end=\"628\" \/>\u2022 Iluminador Ouro<br data-start=\"645\" data-end=\"648\" \/>\u2022 Balm Labial \u2013 Natural<br data-start=\"671\" data-end=\"674\" \/>\u2022 Pomada Modeladora \u2013 Natural<\/p>\n<p data-start=\"707\" data-end=\"788\">Ideal para quem prefere luminosidade saud\u00e1vel, acabamento natural e leve fixa\u00e7\u00e3o.<\/p>\n<p data-start=\"790\" data-end=\"919\"><strong data-start=\"790\" data-end=\"817\">Kit 2 \u2013 Efeito Matte<\/strong><br data-start=\"817\" data-end=\"820\" \/>\u2022 Blush 3 em 1 \u2013 Urucum<br data-start=\"843\" data-end=\"846\" \/>\u2022 Iluminador Ouro<br data-start=\"863\" data-end=\"866\" \/>\u2022 Balm Labial \u2013 Matte<br data-start=\"887\" data-end=\"890\" \/>\u2022 Pomada Modeladora \u2013 Matte<\/p>\n<p data-start=\"921\" data-end=\"993\">Perfeito para quem busca toque seco, acabamento matte e maior defini\u00e7\u00e3o.<\/p>\n<p data-start=\"995\" data-end=\"1152\">Ambos os kits oferecem maquiagem que trata, modelagem que nutre e f\u00f3rmulas ricas em ativos amaz\u00f4nicos, promovendo beleza funcional com identidade brasileira.<\/p>\n","protected":false},"excerpt":{"rendered":"<p>Kit completo da Linha N\u00e9ctar Brasileiro com maquiagem multifuncional, cuidado labial e pomada modeladora enriquecidos com bioativos amaz\u00f4nicos. Dispon\u00edvel nas vers\u00f5es Brilho Natural ou Efeito Matte, para diferentes acabamentos e prefer\u00eancias de uso.<\/p>\n","protected":false},"featured_media":0,"comment_status":"open","ping_status":"closed","template":"","meta":[],"product_brand":[],"product_cat":[26],"product_tag":[],"class_list":{"0":"post-406","1":"product","2":"type-product","3":"status-publish","5":"product_cat-sem-categoria","7":"first","8":"instock","9":"shipping-taxable","10":"product-type-simple"},"_links":{"self":[{"href":"https:\/\/ecoama.eco\/index.php?rest_route=\/wp\/v2\/product\/406","targetHints":{"allow":["GET"]}}],"collection":[{"href":"https:\/\/ecoama.eco\/index.php?rest_route=\/wp\/v2\/product"}],"about":[{"href":"https:\/\/ecoama.eco\/index.php?rest_route=\/wp\/v2\/types\/product"}],"replies":[{"embeddable":true,"href":"https:\/\/ecoama.eco\/index.php?rest_route=%2Fwp%2Fv2%2Fcomments&post=406"}],"wp:attachment":[{"href":"https:\/\/ecoama.eco\/index.php?rest_route=%2Fwp%2Fv2%2Fmedia&parent=406"}],"wp:term":[{"taxonomy":"product_brand","embeddable":true,"href":"https:\/\/ecoama.eco\/index.php?rest_route=%2Fwp%2Fv2%2Fproduct_brand&post=406"},{"taxonomy":"product_cat","embeddable":true,"href":"https:\/\/ecoama.eco\/index.php?rest_route=%2Fwp%2Fv2%2Fproduct_cat&post=406"},{"taxonomy":"product_tag","embeddable":true,"href":"https:\/\/ecoama.eco\/index.php?rest_route=%2Fwp%2Fv2%2Fproduct_tag&post=406"}],"curies":[{"name":"wp","href":"https:\/\/api.w.org\/{rel}","templated":true}]}}